{"id":11113,"date":"2018-02-22T16:52:23","date_gmt":"2018-02-22T15:52:23","guid":{"rendered":"https:\/\/mintgardens.ch\/?page_id=11113"},"modified":"2024-06-17T11:52:58","modified_gmt":"2024-06-17T09:52:58","slug":"newsletter","status":"publish","type":"page","link":"https:\/\/mintgardens.ch\/en\/newsletter\/","title":{"rendered":"Newsletter"},"content":{"rendered":"<\/div><\/div><\/div><!-- close content main div --><\/div><\/div><div id='av_section_1' class='avia-section main_color avia-section-default avia-no-shadow avia-bg-style-scroll   av-minimum-height av-minimum-height-100 container_wrap fullsize' style = 'background-color: #66806c; '  ><div class='container' ><div class='template-page content  av-content-full alpha units'><div class='post-entry post-entry-type-page post-entry-11113'><div class='entry-content-wrapper clearfix'>\n<div class=\"flex_column av_one_fourth  flex_column_div av-zero-column-padding first  \" style='border-radius:0px; '><\/div><div class=\"flex_column av_one_half  flex_column_div av-zero-column-padding   \" style='border-radius:0px; '><section class=\"av_textblock_section \"  itemscope=\"itemscope\" itemtype=\"https:\/\/schema.org\/CreativeWork\" ><div class='avia_textblock  av_inherit_color '  style='font-size:20px; color:#ffffff; '  itemprop=\"text\" ><h1 style=\"text-align: center; letter-spacing: 0.9em;\"><\/h1>\n<h1 style=\"text-align: center;\">Des p\u00e9pites dans votre bo\u00eete mail\u2026<\/h1>\n<div class=\"\" style=\"text-align: center;\"><\/div>\n<p style=\"text-align: center;\">Inscrivez-vous \u00e0 la newsletter de Mint Gardens afin de recevoir du contenu int\u00e9ressant une fois par mois. Promis, vous ne serez pas d\u00e9\u00e7us !<\/p>\n<\/div><\/section><br \/>\n<div style='height:50px' class='hr hr-invisible  '><span class='hr-inner ' ><span class='hr-inner-style'><\/span><\/span><\/div><br \/>\n<form action=\"https:\/\/mintgardens.ch\/en\/newsletter\/\" method=\"post\"  data-av-custom-send='mailchimp_send' class=\"avia_ajax_form av-form-labels-hidden    avia-mailchimp-form \" data-avia-form-id=\"1\" data-avia-redirect=''><fieldset><p class=' first_form  form_element form_fullwidth' id='element_avia_1_1'> <input name=\"avia_1_1\" class=\"text_input \" type=\"text\" id=\"avia_1_1\" value=\"\"  placeholder='Pr\u00e9nom'\/><\/p><p class=' first_form  form_element form_fullwidth' id='element_avia_2_1'> <input name=\"avia_2_1\" class=\"text_input \" type=\"text\" id=\"avia_2_1\" value=\"\"  placeholder='Nom'\/><\/p><p class=' first_form  form_element form_fullwidth' id='element_avia_0_1'> <input name=\"avia_0_1\" class=\"text_input is_email\" type=\"text\" id=\"avia_0_1\" value=\"\"  placeholder='Adresse mail*'\/><\/p><p class=\"form_element  first_form  form_element form_fullwidth av-last-visible-form-element modified_width\"><input type=\"hidden\" value=\"1\" name=\"avia_generated_form1\" \/><input type=\"submit\" value=\"S\u2018inscrire\" class=\"button\"  data-sending-label=\"Sending\"\/><\/p><p class=\"hidden\"><input type=\"text\" name=\"avia_avia_username_1\" class=\"hidden \" id=\"avia_avia_username_1\" value=\"\" \/><\/p><\/fieldset><\/form><div id=\"ajaxresponse_1\" class=\"ajaxresponse ajaxresponse_1 hidden\"><\/div><br \/>\n<div class='avia-button-wrap avia-button-center '><a href='https:\/\/mintgardens.ch\/' class='avia-button av-icon-on-hover  avia-icon_select-yes-right-icon avia-color-custom avia-size-small avia-position-center '  style='background-color:#66806c; border-color:#66806c; color:#ffffff; ' ><span class='avia_iconbox_title' >Revenir \u00e0 l\u2019accueil<\/span><span class='avia_button_icon avia_button_icon_right' aria-hidden='true' data-av_icon='\ue88d' data-av_iconfont='entypo-fontello'><\/span><\/a><\/div><\/p><\/div><div class=\"flex_column av_one_fourth  flex_column_div av-zero-column-padding   \" style='border-radius:0px; '><\/div>\n","protected":false},"excerpt":{"rendered":"","protected":false},"author":3,"featured_media":0,"parent":0,"menu_order":0,"comment_status":"closed","ping_status":"closed","template":"","meta":{"_monsterinsights_skip_tracking":false,"_monsterinsights_sitenote_active":false,"_monsterinsights_sitenote_note":"","_monsterinsights_sitenote_category":0},"yoast_head":"<!-- This site is optimized with the Yoast SEO plugin v19.4 - https:\/\/yoast.com\/wordpress\/plugins\/seo\/ -->\n<title>Newsletter - Mint Gardens | Architecte paysagiste \u00e0 Gen\u00e8ve - Jardins et terrasses d&#039;exception<\/title>\n<meta name=\"robots\" content=\"index, follow, max-snippet:-1, max-image-preview:large, max-video-preview:-1\" \/>\n<link rel=\"canonical\" href=\"https:\/\/mintgardens.ch\/en\/newsletter\/\" \/>\n<meta property=\"og:locale\" content=\"en_US\" \/>\n<meta property=\"og:type\" content=\"article\" \/>\n<meta property=\"og:title\" content=\"Newsletter - Mint Gardens | Architecte paysagiste \u00e0 Gen\u00e8ve - Jardins et terrasses d&#039;exception\" \/>\n<meta property=\"og:url\" content=\"https:\/\/mintgardens.ch\/en\/newsletter\/\" \/>\n<meta property=\"og:site_name\" content=\"Mint Gardens | Architecte paysagiste \u00e0 Gen\u00e8ve - Jardins et terrasses d&#039;exception\" \/>\n<meta property=\"article:publisher\" content=\"https:\/\/www.facebook.com\/mint.gardens\/\" \/>\n<meta property=\"article:modified_time\" content=\"2024-06-17T09:52:58+00:00\" \/>\n<meta name=\"twitter:card\" content=\"summary\" \/>\n<meta name=\"twitter:label1\" content=\"Est. reading time\" \/>\n\t<meta name=\"twitter:data1\" content=\"2 minutes\" \/>\n<script type=\"application\/ld+json\" class=\"yoast-schema-graph\">{\"@context\":\"https:\/\/schema.org\",\"@graph\":[{\"@type\":\"WebSite\",\"@id\":\"https:\/\/mintgardens.ch\/#website\",\"url\":\"https:\/\/mintgardens.ch\/\",\"name\":\"Mint Gardens | Architecte paysagiste \u00e0 Gen\u00e8ve - Jardins et terrasses d&#039;exception\",\"description\":\"Mint Gardens est un bureau d&#039;architectes paysagistes bas\u00e9 \u00e0 Gen\u00e8ve qui con\u00e7oit pour ses clients en Suisse et \u00e0 l&#039;\u00e9tranger des jardins et terrasses d&#039;exception\",\"potentialAction\":[{\"@type\":\"SearchAction\",\"target\":{\"@type\":\"EntryPoint\",\"urlTemplate\":\"https:\/\/mintgardens.ch\/?s={search_term_string}\"},\"query-input\":\"required name=search_term_string\"}],\"inLanguage\":\"en-US\"},{\"@type\":\"WebPage\",\"@id\":\"https:\/\/mintgardens.ch\/en\/newsletter\/\",\"url\":\"https:\/\/mintgardens.ch\/en\/newsletter\/\",\"name\":\"Newsletter - Mint Gardens | Architecte paysagiste \u00e0 Gen\u00e8ve - Jardins et terrasses d&#039;exception\",\"isPartOf\":{\"@id\":\"https:\/\/mintgardens.ch\/#website\"},\"datePublished\":\"2018-02-22T15:52:23+00:00\",\"dateModified\":\"2024-06-17T09:52:58+00:00\",\"breadcrumb\":{\"@id\":\"https:\/\/mintgardens.ch\/en\/newsletter\/#breadcrumb\"},\"inLanguage\":\"en-US\",\"potentialAction\":[{\"@type\":\"ReadAction\",\"target\":[\"https:\/\/mintgardens.ch\/en\/newsletter\/\"]}]},{\"@type\":\"BreadcrumbList\",\"@id\":\"https:\/\/mintgardens.ch\/en\/newsletter\/#breadcrumb\",\"itemListElement\":[{\"@type\":\"ListItem\",\"position\":1,\"name\":\"Accueil\",\"item\":\"https:\/\/mintgardens.ch\/\"},{\"@type\":\"ListItem\",\"position\":2,\"name\":\"Newsletter\"}]}]}<\/script>\n<!-- \/ Yoast SEO plugin. -->","yoast_head_json":{"title":"Newsletter - Mint Gardens | Architecte paysagiste \u00e0 Gen\u00e8ve - Jardins et terrasses d&#039;exception","robots":{"index":"index","follow":"follow","max-snippet":"max-snippet:-1","max-image-preview":"max-image-preview:large","max-video-preview":"max-video-preview:-1"},"canonical":"https:\/\/mintgardens.ch\/en\/newsletter\/","og_locale":"en_US","og_type":"article","og_title":"Newsletter - Mint Gardens | Architecte paysagiste \u00e0 Gen\u00e8ve - Jardins et terrasses d&#039;exception","og_url":"https:\/\/mintgardens.ch\/en\/newsletter\/","og_site_name":"Mint Gardens | Architecte paysagiste \u00e0 Gen\u00e8ve - Jardins et terrasses d&#039;exception","article_publisher":"https:\/\/www.facebook.com\/mint.gardens\/","article_modified_time":"2024-06-17T09:52:58+00:00","twitter_card":"summary","twitter_misc":{"Est. reading time":"2 minutes"},"schema":{"@context":"https:\/\/schema.org","@graph":[{"@type":"WebSite","@id":"https:\/\/mintgardens.ch\/#website","url":"https:\/\/mintgardens.ch\/","name":"Mint Gardens | Architecte paysagiste \u00e0 Gen\u00e8ve - Jardins et terrasses d&#039;exception","description":"Mint Gardens est un bureau d&#039;architectes paysagistes bas\u00e9 \u00e0 Gen\u00e8ve qui con\u00e7oit pour ses clients en Suisse et \u00e0 l&#039;\u00e9tranger des jardins et terrasses d&#039;exception","potentialAction":[{"@type":"SearchAction","target":{"@type":"EntryPoint","urlTemplate":"https:\/\/mintgardens.ch\/?s={search_term_string}"},"query-input":"required name=search_term_string"}],"inLanguage":"en-US"},{"@type":"WebPage","@id":"https:\/\/mintgardens.ch\/en\/newsletter\/","url":"https:\/\/mintgardens.ch\/en\/newsletter\/","name":"Newsletter - Mint Gardens | Architecte paysagiste \u00e0 Gen\u00e8ve - Jardins et terrasses d&#039;exception","isPartOf":{"@id":"https:\/\/mintgardens.ch\/#website"},"datePublished":"2018-02-22T15:52:23+00:00","dateModified":"2024-06-17T09:52:58+00:00","breadcrumb":{"@id":"https:\/\/mintgardens.ch\/en\/newsletter\/#breadcrumb"},"inLanguage":"en-US","potentialAction":[{"@type":"ReadAction","target":["https:\/\/mintgardens.ch\/en\/newsletter\/"]}]},{"@type":"BreadcrumbList","@id":"https:\/\/mintgardens.ch\/en\/newsletter\/#breadcrumb","itemListElement":[{"@type":"ListItem","position":1,"name":"Accueil","item":"https:\/\/mintgardens.ch\/"},{"@type":"ListItem","position":2,"name":"Newsletter"}]}]}},"_links":{"self":[{"href":"https:\/\/mintgardens.ch\/en\/wp-json\/wp\/v2\/pages\/11113"}],"collection":[{"href":"https:\/\/mintgardens.ch\/en\/wp-json\/wp\/v2\/pages"}],"about":[{"href":"https:\/\/mintgardens.ch\/en\/wp-json\/wp\/v2\/types\/page"}],"author":[{"embeddable":true,"href":"https:\/\/mintgardens.ch\/en\/wp-json\/wp\/v2\/users\/3"}],"replies":[{"embeddable":true,"href":"https:\/\/mintgardens.ch\/en\/wp-json\/wp\/v2\/comments?post=11113"}],"version-history":[{"count":7,"href":"https:\/\/mintgardens.ch\/en\/wp-json\/wp\/v2\/pages\/11113\/revisions"}],"predecessor-version":[{"id":11120,"href":"https:\/\/mintgardens.ch\/en\/wp-json\/wp\/v2\/pages\/11113\/revisions\/11120"}],"wp:attachment":[{"href":"https:\/\/mintgardens.ch\/en\/wp-json\/wp\/v2\/media?parent=11113"}],"curies":[{"name":"wp","href":"https:\/\/api.w.org\/{rel}","templated":true}]}}