{"id":11098,"date":"2018-01-28T15:08:40","date_gmt":"2018-01-28T14:08:40","guid":{"rendered":"https:\/\/mintgardens.ch\/?page_id=11098"},"modified":"2024-06-28T15:10:17","modified_gmt":"2024-06-28T13:10:17","slug":"contact","status":"publish","type":"page","link":"https:\/\/mintgardens.ch\/en\/contact\/","title":{"rendered":"Contact"},"content":{"rendered":"<\/div><\/div><\/div><!-- close content main div --><\/div><\/div><div id='av-layout-grid-1' class='av-layout-grid-container entry-content-wrapper main_color av-flex-cells   av-small-hide av-mini-hide  av-cell-min-height av-cell-min-height-50 container_wrap fullsize'   >\n<div class=\"flex_cell no_margin av_two_third   avia-full-stretch \" style='background-image:url(https:\/\/mintgardens.ch\/wp-content\/uploads\/2024\/02\/MAM_3296-retouchee-scaled.jpg); background-position:top center; background-repeat:no-repeat; background-attachment:scroll; vertical-align:middle; padding:200px 30px 30px 30px ; '><div class='flex_cell_inner' ><\/div><\/div><div class=\"flex_cell no_margin av_one_third   \" style='vertical-align:middle; padding:50px; background-color:#b37a6f; '><div class='flex_cell_inner' ><section class=\"av_textblock_section \"  itemscope=\"itemscope\" itemtype=\"https:\/\/schema.org\/CreativeWork\" ><div class='avia_textblock  av_inherit_color '  style='font-size:17px; color:#e2c1af; '  itemprop=\"text\" ><p style=\"font-family: basic-sans; font-style: normal; font-weight: 300; letter-spacing: 0.1em; text-align: center;\">MINT GARDENS<\/p>\n<\/div><\/section><br \/>\n<section class=\"av_textblock_section \"  itemscope=\"itemscope\" itemtype=\"https:\/\/schema.org\/CreativeWork\" ><div class='avia_textblock  av_inherit_color '  style='font-size:40px; color:#ffffff; '  itemprop=\"text\" ><p style=\"font-family: basic-sans; font-style: normal; font-weight: 300; text-align: center;\">CONTACT<\/p>\n<\/div><\/section><\/p>\n<\/div><\/div>\n<\/div>\n<\/div><\/div><\/div><!-- close content main div --><\/div><\/div><div id='av-layout-grid-2' class='av-layout-grid-container entry-content-wrapper main_color av-flex-cells   av-desktop-hide av-medium-hide  av-cell-min-height av-cell-min-height-25 container_wrap fullsize'   >\n<div class=\"flex_cell no_margin av_two_third   avia-full-stretch \" style='background-image:url(https:\/\/mintgardens.ch\/wp-content\/uploads\/2024\/02\/MAM_3296-retouchee-scaled.jpg); background-position:top center; background-repeat:no-repeat; background-attachment:scroll; vertical-align:middle; padding:200px 30px 30px 30px ; '><div class='flex_cell_inner' ><\/div><\/div><div class=\"flex_cell no_margin av_one_third   \" style='vertical-align:middle; padding:20px; background-color:#b37a6f; '><div class='flex_cell_inner' ><section class=\"av_textblock_section \"  itemscope=\"itemscope\" itemtype=\"https:\/\/schema.org\/CreativeWork\" ><div class='avia_textblock  av_inherit_color '  style='font-size:17px; color:#e2c1af; '  itemprop=\"text\" ><p style=\"font-family: basic-sans; font-style: normal; font-weight: 300; letter-spacing: 0.1em; text-align: center;\">MINT GARDENS<\/p>\n<\/div><\/section><br \/>\n<section class=\"av_textblock_section \"  itemscope=\"itemscope\" itemtype=\"https:\/\/schema.org\/CreativeWork\" ><div class='avia_textblock  av_inherit_color '  style='font-size:40px; color:#ffffff; '  itemprop=\"text\" ><p style=\"font-family: basic-sans; font-style: normal; font-weight: 300; text-align: center;\">CONTACT<\/p>\n<\/div><\/section><\/p>\n<\/div><\/div>\n<\/div>\n<\/div><\/div><\/div><!-- close content main div --><\/div><\/div><div id='av-layout-grid-3' class='av-layout-grid-container entry-content-wrapper main_color av-flex-cells    av-cell-min-height av-cell-min-height-25 container_wrap fullsize'   >\n<div class=\"flex_cell no_margin av_one_full   \" style='vertical-align:middle; padding:70px 50px 20px 50px ; '><div class='flex_cell_inner' ><p><div class='flex_column_table av-equal-height-column-flextable -flextable' ><div class=\"flex_column av_one_half  av-animated-generic bottom-to-top  flex_column_table_cell av-equal-height-column av-align-top av-zero-column-padding first  \" style='background-color:#ffffff; border-radius:0px; '><div class='avia-image-container  av-styling-    avia-align-center '  itemscope=\"itemscope\" itemtype=\"https:\/\/schema.org\/ImageObject\"  ><div class='avia-image-container-inner'><img class='avia_image ' src='https:\/\/mintgardens.ch\/wp-content\/uploads\/2024\/03\/Carte-geneve-1030x675.png' alt='' title='Carte geneve'   itemprop=\"thumbnailUrl\"  \/><\/div><\/div><\/div><\/div><!--close column table wrapper. Autoclose: 1 --><div class='flex_column_table av-equal-height-column-flextable -flextable' ><div class='av-flex-placeholder'><\/div><div class=\"flex_column av_one_half  av-animated-generic bottom-to-top  flex_column_table_cell av-equal-height-column av-align-top av-zero-column-padding   \" style='background-color:#ffffff; border-radius:0px; '><section class=\"av_textblock_section \"  itemscope=\"itemscope\" itemtype=\"https:\/\/schema.org\/CreativeWork\" ><div class='avia_textblock  av_inherit_color '  style='font-size:25px; color:#7f7f7f; '  itemprop=\"text\" ><p style=\"font-family: basic-sans; font-style: normal; font-weight: 300; text-align: left;\">DO YOU HAVE A PROJECT?<\/p>\n<\/div><\/section><br \/>\n<section class=\"av_textblock_section \"  itemscope=\"itemscope\" itemtype=\"https:\/\/schema.org\/CreativeWork\" ><div class='avia_textblock  av_inherit_color '  style='font-size:17px; color:#7f7f7f; '  itemprop=\"text\" ><p style=\"font-family: basic-sans; font-style: normal; font-weight: 300; text-align: left;\">Tailored for each of our clients, whether individuals or businesses, we create spaces with character that fully reflect you.<\/p>\n<p style=\"font-family: basic-sans; font-style: normal; font-weight: 300; text-align: left;\">Contact the studio by email at <a href=\"mailto:contact@mintgardens.ch\" target=\"_blank\" rel=\"noopener\"><span style=\"color: #66806c;\">contact@mintgardens.ch<\/span><\/a>\u00a0or by phone at +41 21 217 20 18<\/p>\n<p style=\"font-family: basic-sans; font-style: normal; font-weight: 300; text-align: left;\">We welcome our clients by appointment at our offices in the heart of Geneva.<\/p>\n<\/div><\/section><\/p><\/div><\/div><!--close column table wrapper. Autoclose: 1 --><div style='height:70px' class='hr hr-invisible  '><span class='hr-inner ' ><span class='hr-inner-style'><\/span><\/span><\/div><\/p>\n<\/div><\/div><\/div><\/div><\/div><\/div><!-- close content main div --><\/div><\/div><div id='av-layout-grid-4' class='av-layout-grid-container entry-content-wrapper main_color av-flex-cells    container_wrap fullsize'   >\n<div class=\"flex_cell no_margin av_one_full   \" style='vertical-align:middle; padding:30px 100px 30px 100px ; '><div class='flex_cell_inner' ><p><div style='height:20px' class='hr hr-invisible  '><span class='hr-inner ' ><span class='hr-inner-style'><\/span><\/span><\/div><br \/>\n<div class=\"flex_column av_one_fifth  av-animated-generic bottom-to-top  av-hide-on-mobile  flex_column_div first  \" style='padding:0px 50px 0px 50px ; border-radius:0px; '><div class='avia-image-container  av-styling-    avia-align-center '  itemscope=\"itemscope\" itemtype=\"https:\/\/schema.org\/ImageObject\"  ><div class='avia-image-container-inner'><img class='avia_image ' src='https:\/\/mintgardens.ch\/wp-content\/uploads\/2019\/08\/logo-mobile-mint-gardens.png' alt='' title=''   itemprop=\"thumbnailUrl\"  \/><\/div><\/div><\/div><div class=\"flex_column av_one_fifth  av-animated-generic bottom-to-top  flex_column_div av-zero-column-padding   \" style='border-radius:0px; '><section class=\"av_textblock_section \"  itemscope=\"itemscope\" itemtype=\"https:\/\/schema.org\/CreativeWork\" ><div class='avia_textblock  av_inherit_color '  style='font-size:14px; color:#18253a; '  itemprop=\"text\" ><p style=\"text-align: left; font-family: basic-sans; font-style: normal; font-weight: 300; letter-spacing: 0.1em;\">MINT GARDENS<\/p>\n<\/div><\/section><br \/>\n<section class=\"av_textblock_section \"  itemscope=\"itemscope\" itemtype=\"https:\/\/schema.org\/CreativeWork\" ><div class='avia_textblock  av_inherit_color '  style='font-size:15px; color:#7f7f7f; '  itemprop=\"text\" ><p style=\"text-align: left; font-family: basic-sans; font-style: normal; font-weight: 300;\"><a style=\"text-decoration: none;\" href=\"https:\/\/mintgardens.ch\/studio\/\">Studio<\/a><br \/>\n<a style=\"text-decoration: none;\" href=\"https:\/\/mintgardens.ch\/approche\/\">Approach<\/a><br \/>\n<a style=\"text-decoration: none;\" href=\"https:\/\/mintgardens.ch\/realisations\/\">Projects<\/a><br \/>\n<a style=\"text-decoration: none;\" href=\"https:\/\/mintgardens.ch\/actualites\/\">News<\/a><br \/>\n<a style=\"text-decoration: none;\" href=\"https:\/\/mintgardens.ch\/questions\/\">FAQ<\/a><br \/>\n<a style=\"text-decoration: none;\" href=\"https:\/\/mintgardens.ch\/contact\/\">Contact<\/a><\/p>\n<\/div><\/section><\/p><\/div><div class=\"flex_column av_one_fifth  av-animated-generic bottom-to-top  flex_column_div av-zero-column-padding   \" style='border-radius:0px; '><section class=\"av_textblock_section \"  itemscope=\"itemscope\" itemtype=\"https:\/\/schema.org\/CreativeWork\" ><div class='avia_textblock  av_inherit_color '  style='font-size:14px; color:#18253a; '  itemprop=\"text\" ><p style=\"text-align: left; font-family: basic-sans; font-style: normal; font-weight: 300; letter-spacing: 0.1em;\">CONTACT US<\/p>\n<\/div><\/section><br \/>\n<section class=\"av_textblock_section \"  itemscope=\"itemscope\" itemtype=\"https:\/\/schema.org\/CreativeWork\" ><div class='avia_textblock  av_inherit_color '  style='font-size:15px; color:#7f7f7f; '  itemprop=\"text\" ><p style=\"text-align: left; font-family: basic-sans; font-style: normal; font-weight: 300;\">+41 21 217 20 18<br \/>\n<a style=\"text-decoration: none;\" href=\"mailto:contact@mintgardens.ch\">contact@mintgardens.ch<\/a><\/p>\n<\/div><\/section><br \/>\n<div class='avia-image-container  av-styling-    avia-align-left '  itemscope=\"itemscope\" itemtype=\"https:\/\/schema.org\/ImageObject\"  ><div class='avia-image-container-inner'><a href='https:\/\/www.instagram.com\/mint.gardens\/?hl=fr' class='avia_image'   target=\"_blank\" ><img class='avia_image ' src='https:\/\/mintgardens.ch\/wp-content\/uploads\/2023\/12\/Instagram.png' alt='' title='Instagram'  itemprop=\"thumbnailUrl\"  \/><\/a><\/div><\/div><\/p><\/div><div class=\"flex_column av_one_fifth  av-animated-generic bottom-to-top  flex_column_div av-zero-column-padding   \" style='border-radius:0px; '><section class=\"av_textblock_section \"  itemscope=\"itemscope\" itemtype=\"https:\/\/schema.org\/CreativeWork\" ><div class='avia_textblock  av_inherit_color '  style='font-size:14px; color:#18253a; '  itemprop=\"text\" ><p style=\"text-align: left; font-family: basic-sans; font-style: normal; font-weight: 300; letter-spacing: 0.1em;\">OUR OFFICE<\/p>\n<\/div><\/section><br \/>\n<section class=\"av_textblock_section \"  itemscope=\"itemscope\" itemtype=\"https:\/\/schema.org\/CreativeWork\" ><div class='avia_textblock  av_inherit_color '  style='font-size:15px; color:#7f7f7f; '  itemprop=\"text\" ><p style=\"text-align: left; font-family: basic-sans; font-style: normal; font-weight: 300;\"><a style=\"text-decoration: none;\" href=\"https:\/\/www.google.com\/maps\/place\/Rte+des+Acacias+54B,+1227+Carouge\/data=!4m2!3m1!1s0x478c7b261de03ad9:0x5a2f5bdf1cabd967?sa=X&amp;ved=2ahUKEwjoyfHpnvGDAxXv6wIHHbMgAQgQ8gF6BAgPEAA\" target=\"_blank\" rel=\"noopener\">Route des Acacias 54B<br \/>\n1227 Carouge<\/a><\/p>\n<\/div><\/section><\/p><\/div><div class=\"flex_column av_one_fifth  av-animated-generic bottom-to-top  flex_column_div av-zero-column-padding   \" style='border-radius:0px; '><section class=\"av_textblock_section \"  itemscope=\"itemscope\" itemtype=\"https:\/\/schema.org\/CreativeWork\" ><div class='avia_textblock  av_inherit_color '  style='font-size:14px; color:#18253a; '  itemprop=\"text\" ><p style=\"text-align: left; font-family: basic-sans; font-style: normal; font-weight: 300; letter-spacing: 0.1em;\">PUBLIC PROJECTS<\/p>\n<\/div><\/section><br \/>\n<section class=\"av_textblock_section \"  itemscope=\"itemscope\" itemtype=\"https:\/\/schema.org\/CreativeWork\" ><div class='avia_textblock  av_inherit_color '  style='font-size:15px; color:#7f7f7f; '  itemprop=\"text\" ><p style=\"text-align: left; font-family: basic-sans; font-style: normal; font-weight: 300;\"><a style=\"text-decoration: none;\" href=\"https:\/\/studiomint.ch\" target=\"_blank\" rel=\"noopener\">Studiomint.ch<\/a><\/p>\n<\/div><\/section><\/p><\/div><\/p>\n<\/div><\/div><\/div><\/div><\/div><\/div><!-- close content main div --><\/div><\/div><div id='av-layout-grid-5' class='av-layout-grid-container entry-content-wrapper main_color av-flex-cells    container_wrap fullsize'   >\n<div class=\"flex_cell no_margin av_one_full   \" style='height:20px; min-height:20px;vertical-align:top; padding:10px 30px 10px 30px ; background-color:#66806c; '><div class='flex_cell_inner' ><section class=\"av_textblock_section \"  itemscope=\"itemscope\" itemtype=\"https:\/\/schema.org\/CreativeWork\" ><div class='avia_textblock  av_inherit_color '  style='font-size:15px; color:#ffffff; '  itemprop=\"text\" ><p style=\"text-align: left; font-family: basic-sans; font-style: normal; font-weight: 300;\">\u00a9 Mint Gardens 2023 &#8211; Photos : India Belce Kennedy<\/p>\n<\/div><\/section>\n<\/div><\/div>\n<\/div><\/p>\n","protected":false},"excerpt":{"rendered":"","protected":false},"author":3,"featured_media":0,"parent":0,"menu_order":0,"comment_status":"closed","ping_status":"closed","template":"","meta":{"_monsterinsights_skip_tracking":false,"_monsterinsights_sitenote_active":false,"_monsterinsights_sitenote_note":"","_monsterinsights_sitenote_category":0},"yoast_head":"<!-- This site is optimized with the Yoast SEO plugin v19.4 - https:\/\/yoast.com\/wordpress\/plugins\/seo\/ -->\n<title>Contact - Mint Gardens | Architecte paysagiste \u00e0 Gen\u00e8ve - Jardins et terrasses d&#039;exception<\/title>\n<meta name=\"robots\" content=\"index, follow, max-snippet:-1, max-image-preview:large, max-video-preview:-1\" \/>\n<link rel=\"canonical\" href=\"https:\/\/mintgardens.ch\/en\/contact\/\" \/>\n<meta property=\"og:locale\" content=\"en_US\" \/>\n<meta property=\"og:type\" content=\"article\" \/>\n<meta property=\"og:title\" content=\"Contact - Mint Gardens | Architecte paysagiste \u00e0 Gen\u00e8ve - Jardins et terrasses d&#039;exception\" \/>\n<meta property=\"og:url\" content=\"https:\/\/mintgardens.ch\/en\/contact\/\" \/>\n<meta property=\"og:site_name\" content=\"Mint Gardens | Architecte paysagiste \u00e0 Gen\u00e8ve - Jardins et terrasses d&#039;exception\" \/>\n<meta property=\"article:publisher\" content=\"https:\/\/www.facebook.com\/mint.gardens\/\" \/>\n<meta property=\"article:modified_time\" content=\"2024-06-28T13:10:17+00:00\" \/>\n<meta name=\"twitter:card\" content=\"summary\" \/>\n<meta name=\"twitter:label1\" content=\"Est. reading time\" \/>\n\t<meta name=\"twitter:data1\" content=\"4 minutes\" \/>\n<script type=\"application\/ld+json\" class=\"yoast-schema-graph\">{\"@context\":\"https:\/\/schema.org\",\"@graph\":[{\"@type\":\"WebSite\",\"@id\":\"https:\/\/mintgardens.ch\/#website\",\"url\":\"https:\/\/mintgardens.ch\/\",\"name\":\"Mint Gardens | Architecte paysagiste \u00e0 Gen\u00e8ve - Jardins et terrasses d&#039;exception\",\"description\":\"Mint Gardens est un bureau d&#039;architectes paysagistes bas\u00e9 \u00e0 Gen\u00e8ve qui con\u00e7oit pour ses clients en Suisse et \u00e0 l&#039;\u00e9tranger des jardins et terrasses d&#039;exception\",\"potentialAction\":[{\"@type\":\"SearchAction\",\"target\":{\"@type\":\"EntryPoint\",\"urlTemplate\":\"https:\/\/mintgardens.ch\/?s={search_term_string}\"},\"query-input\":\"required name=search_term_string\"}],\"inLanguage\":\"en-US\"},{\"@type\":\"WebPage\",\"@id\":\"https:\/\/mintgardens.ch\/en\/contact\/\",\"url\":\"https:\/\/mintgardens.ch\/en\/contact\/\",\"name\":\"Contact - Mint Gardens | Architecte paysagiste \u00e0 Gen\u00e8ve - Jardins et terrasses d&#039;exception\",\"isPartOf\":{\"@id\":\"https:\/\/mintgardens.ch\/#website\"},\"datePublished\":\"2018-01-28T14:08:40+00:00\",\"dateModified\":\"2024-06-28T13:10:17+00:00\",\"breadcrumb\":{\"@id\":\"https:\/\/mintgardens.ch\/en\/contact\/#breadcrumb\"},\"inLanguage\":\"en-US\",\"potentialAction\":[{\"@type\":\"ReadAction\",\"target\":[\"https:\/\/mintgardens.ch\/en\/contact\/\"]}]},{\"@type\":\"BreadcrumbList\",\"@id\":\"https:\/\/mintgardens.ch\/en\/contact\/#breadcrumb\",\"itemListElement\":[{\"@type\":\"ListItem\",\"position\":1,\"name\":\"Accueil\",\"item\":\"https:\/\/mintgardens.ch\/\"},{\"@type\":\"ListItem\",\"position\":2,\"name\":\"Contact\"}]}]}<\/script>\n<!-- \/ Yoast SEO plugin. -->","yoast_head_json":{"title":"Contact - Mint Gardens | Architecte paysagiste \u00e0 Gen\u00e8ve - Jardins et terrasses d&#039;exception","robots":{"index":"index","follow":"follow","max-snippet":"max-snippet:-1","max-image-preview":"max-image-preview:large","max-video-preview":"max-video-preview:-1"},"canonical":"https:\/\/mintgardens.ch\/en\/contact\/","og_locale":"en_US","og_type":"article","og_title":"Contact - Mint Gardens | Architecte paysagiste \u00e0 Gen\u00e8ve - Jardins et terrasses d&#039;exception","og_url":"https:\/\/mintgardens.ch\/en\/contact\/","og_site_name":"Mint Gardens | Architecte paysagiste \u00e0 Gen\u00e8ve - Jardins et terrasses d&#039;exception","article_publisher":"https:\/\/www.facebook.com\/mint.gardens\/","article_modified_time":"2024-06-28T13:10:17+00:00","twitter_card":"summary","twitter_misc":{"Est. reading time":"4 minutes"},"schema":{"@context":"https:\/\/schema.org","@graph":[{"@type":"WebSite","@id":"https:\/\/mintgardens.ch\/#website","url":"https:\/\/mintgardens.ch\/","name":"Mint Gardens | Architecte paysagiste \u00e0 Gen\u00e8ve - Jardins et terrasses d&#039;exception","description":"Mint Gardens est un bureau d&#039;architectes paysagistes bas\u00e9 \u00e0 Gen\u00e8ve qui con\u00e7oit pour ses clients en Suisse et \u00e0 l&#039;\u00e9tranger des jardins et terrasses d&#039;exception","potentialAction":[{"@type":"SearchAction","target":{"@type":"EntryPoint","urlTemplate":"https:\/\/mintgardens.ch\/?s={search_term_string}"},"query-input":"required name=search_term_string"}],"inLanguage":"en-US"},{"@type":"WebPage","@id":"https:\/\/mintgardens.ch\/en\/contact\/","url":"https:\/\/mintgardens.ch\/en\/contact\/","name":"Contact - Mint Gardens | Architecte paysagiste \u00e0 Gen\u00e8ve - Jardins et terrasses d&#039;exception","isPartOf":{"@id":"https:\/\/mintgardens.ch\/#website"},"datePublished":"2018-01-28T14:08:40+00:00","dateModified":"2024-06-28T13:10:17+00:00","breadcrumb":{"@id":"https:\/\/mintgardens.ch\/en\/contact\/#breadcrumb"},"inLanguage":"en-US","potentialAction":[{"@type":"ReadAction","target":["https:\/\/mintgardens.ch\/en\/contact\/"]}]},{"@type":"BreadcrumbList","@id":"https:\/\/mintgardens.ch\/en\/contact\/#breadcrumb","itemListElement":[{"@type":"ListItem","position":1,"name":"Accueil","item":"https:\/\/mintgardens.ch\/"},{"@type":"ListItem","position":2,"name":"Contact"}]}]}},"_links":{"self":[{"href":"https:\/\/mintgardens.ch\/en\/wp-json\/wp\/v2\/pages\/11098"}],"collection":[{"href":"https:\/\/mintgardens.ch\/en\/wp-json\/wp\/v2\/pages"}],"about":[{"href":"https:\/\/mintgardens.ch\/en\/wp-json\/wp\/v2\/types\/page"}],"author":[{"embeddable":true,"href":"https:\/\/mintgardens.ch\/en\/wp-json\/wp\/v2\/users\/3"}],"replies":[{"embeddable":true,"href":"https:\/\/mintgardens.ch\/en\/wp-json\/wp\/v2\/comments?post=11098"}],"version-history":[{"count":4,"href":"https:\/\/mintgardens.ch\/en\/wp-json\/wp\/v2\/pages\/11098\/revisions"}],"predecessor-version":[{"id":11193,"href":"https:\/\/mintgardens.ch\/en\/wp-json\/wp\/v2\/pages\/11098\/revisions\/11193"}],"wp:attachment":[{"href":"https:\/\/mintgardens.ch\/en\/wp-json\/wp\/v2\/media?parent=11098"}],"curies":[{"name":"wp","href":"https:\/\/api.w.org\/{rel}","templated":true}]}}